{"id":47,"date":"2021-05-14T09:43:14","date_gmt":"2021-05-14T09:43:14","guid":{"rendered":"https:\/\/dinoparc.ro\/dev\/?page_id=47"},"modified":"2021-06-02T17:35:34","modified_gmt":"2021-06-02T14:35:34","slug":"news","status":"publish","type":"page","link":"https:\/\/dinoparc.ro\/en\/news\/","title":{"rendered":"News"},"content":{"rendered":"<div class=\"container\"><div class=\"row\"><div class=\"col-12\"><h5>What's next<\/h5><h2 class=\"text-uppercase\">Events<\/h2><div class=\"carousel--container carousel--wide\">\n                <div class=\"carousel--item\">\n                    <div class=\"carousel--image\">\n                        <a href=\"https:\/\/dinoparc.ro\/en\/dino-joy-calendar\/\"><img decoding=\"async\" class=\"cover-image\" src=\"https:\/\/dinoparc.ro\/wp-content\/uploads\/2023\/11\/DinoParc_Advent_1200x628_header-event-1.jpg\" alt=\"Dino Joy Calendar\"><\/a>\n                    <\/div>\n                    <div class=\"carousel--content\">\n                        <h5 class=\"mb-2\">November 30th to December 26th<\/h5>\n                        <h4 class=\"text-uppercase\">Dino Joy Calendar<\/h4>\n                    <\/div>\n                <\/div>\n\t\t\t\n                <div class=\"carousel--item\">\n                    <div class=\"carousel--image\">\n                        <a href=\"https:\/\/dinoparc.ro\/en\/halloween-printre-dinozauri\/\"><img decoding=\"async\" class=\"cover-image\" src=\"https:\/\/dinoparc.ro\/wp-content\/uploads\/2023\/10\/Dino_Halloween_banner_site_no-text_1200x628.jpg\" alt=\"Halloween among the dinosaurs\"><\/a>\n                    <\/div>\n                    <div class=\"carousel--content\">\n                        <h5 class=\"mb-2\">October 28th - 31st<\/h5>\n                        <h4 class=\"text-uppercase\">Halloween among the dinosaurs<\/h4>\n                    <\/div>\n                <\/div>\n\t\t\t\n                <div class=\"carousel--item\">\n                    <div class=\"carousel--image\">\n                        <a href=\"https:\/\/dinoparc.ro\/en\/scoala-altfel-si-saptamana-verde-printre-dinozauri\/\"><img decoding=\"async\" class=\"cover-image\" src=\"https:\/\/dinoparc.ro\/wp-content\/uploads\/2023\/09\/DinoParc_ScoalaAltfel_SaptamanaVerde_1200x628_.jpg\" alt=\"\u201d\u0218coala Altfel\u201d and \u201dS\u0103pt\u0103m\u00e2na Verde\u201d programs among the dinosaurs\"><\/a>\n                    <\/div>\n                    <div class=\"carousel--content\">\n                        <h5 class=\"mb-2\">September 11, 2023 - April 26, 2024<\/h5>\n                        <h4 class=\"text-uppercase\">\u201d\u0218coala Altfel\u201d and \u201dS\u0103pt\u0103m\u00e2na Verde\u201d programs among the dinosaurs<\/h4>\n                    <\/div>\n                <\/div>\n\t\t\t<\/div><\/div><\/div><\/div>\n\n\n\n<div style=\"height:100px\" aria-hidden=\"true\" class=\"wp-block-spacer\"><\/div>\n\n\n<div class=\"container\"><div class=\"row\"><div class=\"col-12\"><h5>News<\/h5><h2 class=\"text-uppercase\">News and updates<\/h2><div class=\"carousel--container carousel--regular\">\n                <div class=\"carousel--item\">\n                    <div class=\"carousel--image square-thumbnail\">\n                        <a class=\"box-border\" href=\"https:\/\/dinoparc.ro\/en\/reduceri-mamut-de-black-friday\/\"><img decoding=\"async\" class=\"cover-image\" src=\"https:\/\/dinoparc.ro\/wp-content\/uploads\/2023\/11\/BlackFriday_DinoParc_site_1200x628.jpg\" alt=\"Mammoth Black Friday Discounts\"><\/a>\n                    <\/div>\n                    <div class=\"carousel--content\">\n                        \n                        <h4 class=\"text-uppercase\">Mammoth Black Friday Discounts<\/h4>\n                        <p>November 10th - 12th, 2023<\/p>\n                    <\/div>\n                <\/div>\n\t\t\t\n                <div class=\"carousel--item\">\n                    <div class=\"carousel--image square-thumbnail\">\n                        <a class=\"box-border\" href=\"https:\/\/dinoparc.ro\/en\/dino-sleep-over\/\"><img decoding=\"async\" class=\"cover-image\" src=\"https:\/\/dinoparc.ro\/wp-content\/uploads\/2021\/07\/sleepover-hero.png\" alt=\"Dino Sleep Over\"><\/a>\n                    <\/div>\n                    <div class=\"carousel--content\">\n                        <h5 class=\"mb-2\">New activity<\/h5>\n                        <h4 class=\"text-uppercase\">Dino Sleep Over<\/h4>\n                        <p>July - September 2023<\/p>\n                    <\/div>\n                <\/div>\n\t\t\t\n                <div class=\"carousel--item\">\n                    <div class=\"carousel--image square-thumbnail\">\n                        <a class=\"box-border\" href=\"https:\/\/dinoparc.ro\/en\/dino-parc-cave\/\"><img decoding=\"async\" class=\"cover-image\" src=\"https:\/\/dinoparc.ro\/wp-content\/uploads\/2021\/05\/pestera-Dino-Parc-2.jpg\" alt=\"Dino Parc Cave\"><\/a>\n                    <\/div>\n                    <div class=\"carousel--content\">\n                        <h5 class=\"mb-2\">New activity<\/h5>\n                        <h4 class=\"text-uppercase\">Dino Parc Cave<\/h4>\n                        <p>The surprises don`t stop coming at Dino Parc R\u00e2\u0219nov! We invite you to discover the new cave in the park.<\/p>\n                    <\/div>\n                <\/div>\n\t\t\t\n                <div class=\"carousel--item\">\n                    <div class=\"carousel--image square-thumbnail\">\n                        <a class=\"box-border\" href=\"https:\/\/dinoparc.ro\/en\/diplodocus\/\"><img decoding=\"async\" class=\"cover-image\" src=\"https:\/\/dinoparc.ro\/wp-content\/uploads\/2021\/05\/de-folosit-1.jpg\" alt=\"Diplodocus\"><\/a>\n                    <\/div>\n                    <div class=\"carousel--content\">\n                        <h5 class=\"mb-2\">Press Release<\/h5>\n                        <h4 class=\"text-uppercase\">Diplodocus<\/h4>\n                        <p>Starting with April 15, 2021, at Dino Parc R\u00e2\u0219nov you will meet Diplodocus, the tallest dinosaur in Southeast Europe.<\/p>\n                    <\/div>\n                <\/div>\n\t\t\t<\/div><\/div><\/div><\/div>\n","protected":false},"excerpt":{"rendered":"<p>The dinosaurs have always something new for you. Discover all the news here.<\/p>\n","protected":false},"author":1,"featured_media":985,"parent":0,"menu_order":0,"comment_status":"closed","ping_status":"closed","template":"page-full-width-carousels.php","meta":{"footnotes":""},"class_list":["post-47","page","type-page","status-publish","has-post-thumbnail","hentry"],"yoast_head":"<!-- This site is optimized with the Yoast SEO plugin v27.3 - https:\/\/yoast.com\/product\/yoast-seo-wordpress\/ -->\n<title>News - DinoParc<\/title>\n<meta name=\"description\" content=\"The latest activities, events, contests from Dino Parc Rasnov are just a click away. Information about Sleep Over, Children&#039;s Day, contests and regulations, the latest news about dinosaurs in the park.\" \/>\n<meta name=\"robots\" content=\"index, follow, max-snippet:-1, max-image-preview:large, max-video-preview:-1\" \/>\n<link rel=\"canonical\" href=\"https:\/\/dinoparc.ro\/en\/news\/\" \/>\n<meta property=\"og:locale\" content=\"en_US\" \/>\n<meta property=\"og:type\" content=\"article\" \/>\n<meta property=\"og:title\" content=\"News - DinoParc\" \/>\n<meta property=\"og:description\" content=\"The latest activities, events, contests from Dino Parc Rasnov are just a click away. Information about Sleep Over, Children&#039;s Day, contests and regulations, the latest news about dinosaurs in the park.\" \/>\n<meta property=\"og:url\" content=\"https:\/\/dinoparc.ro\/en\/news\/\" \/>\n<meta property=\"og:site_name\" content=\"DinoParc\" \/>\n<meta property=\"article:modified_time\" content=\"2021-06-02T14:35:34+00:00\" \/>\n<meta property=\"og:image\" content=\"https:\/\/dinoparc.ro\/wp-content\/uploads\/2021\/06\/NOUTATI.jpg\" \/>\n\t<meta property=\"og:image:width\" content=\"1200\" \/>\n\t<meta property=\"og:image:height\" content=\"630\" \/>\n\t<meta property=\"og:image:type\" content=\"image\/jpeg\" \/>\n<meta name=\"twitter:card\" content=\"summary_large_image\" \/>\n<meta name=\"twitter:label1\" content=\"Est. reading time\" \/>\n\t<meta name=\"twitter:data1\" content=\"1 minute\" \/>\n<script type=\"application\/ld+json\" class=\"yoast-schema-graph\">{\"@context\":\"https:\\\/\\\/schema.org\",\"@graph\":[{\"@type\":\"WebPage\",\"@id\":\"https:\\\/\\\/dinoparc.ro\\\/en\\\/news\\\/\",\"url\":\"https:\\\/\\\/dinoparc.ro\\\/en\\\/news\\\/\",\"name\":\"News - DinoParc\",\"isPartOf\":{\"@id\":\"https:\\\/\\\/dinoparc.ro\\\/en\\\/#website\"},\"primaryImageOfPage\":{\"@id\":\"https:\\\/\\\/dinoparc.ro\\\/en\\\/news\\\/#primaryimage\"},\"image\":{\"@id\":\"https:\\\/\\\/dinoparc.ro\\\/en\\\/news\\\/#primaryimage\"},\"thumbnailUrl\":\"https:\\\/\\\/dinoparc.ro\\\/wp-content\\\/uploads\\\/2021\\\/06\\\/NOUTATI.jpg\",\"datePublished\":\"2021-05-14T09:43:14+00:00\",\"dateModified\":\"2021-06-02T14:35:34+00:00\",\"description\":\"The latest activities, events, contests from Dino Parc Rasnov are just a click away. Information about Sleep Over, Children's Day, contests and regulations, the latest news about dinosaurs in the park.\",\"breadcrumb\":{\"@id\":\"https:\\\/\\\/dinoparc.ro\\\/en\\\/news\\\/#breadcrumb\"},\"inLanguage\":\"en-US\",\"potentialAction\":[{\"@type\":\"ReadAction\",\"target\":[\"https:\\\/\\\/dinoparc.ro\\\/en\\\/news\\\/\"]}]},{\"@type\":\"ImageObject\",\"inLanguage\":\"en-US\",\"@id\":\"https:\\\/\\\/dinoparc.ro\\\/en\\\/news\\\/#primaryimage\",\"url\":\"https:\\\/\\\/dinoparc.ro\\\/wp-content\\\/uploads\\\/2021\\\/06\\\/NOUTATI.jpg\",\"contentUrl\":\"https:\\\/\\\/dinoparc.ro\\\/wp-content\\\/uploads\\\/2021\\\/06\\\/NOUTATI.jpg\",\"width\":1200,\"height\":630},{\"@type\":\"BreadcrumbList\",\"@id\":\"https:\\\/\\\/dinoparc.ro\\\/en\\\/news\\\/#breadcrumb\",\"itemListElement\":[{\"@type\":\"ListItem\",\"position\":1,\"name\":\"Prima pagin\u0103\",\"item\":\"https:\\\/\\\/dinoparc.ro\\\/en\\\/home\\\/\"},{\"@type\":\"ListItem\",\"position\":2,\"name\":\"News\"}]},{\"@type\":\"WebSite\",\"@id\":\"https:\\\/\\\/dinoparc.ro\\\/en\\\/#website\",\"url\":\"https:\\\/\\\/dinoparc.ro\\\/en\\\/\",\"name\":\"DinoParc\",\"description\":\"Lumea Dinozaurilor\",\"publisher\":{\"@id\":\"https:\\\/\\\/dinoparc.ro\\\/en\\\/#organization\"},\"potentialAction\":[{\"@type\":\"SearchAction\",\"target\":{\"@type\":\"EntryPoint\",\"urlTemplate\":\"https:\\\/\\\/dinoparc.ro\\\/en\\\/?s={search_term_string}\"},\"query-input\":{\"@type\":\"PropertyValueSpecification\",\"valueRequired\":true,\"valueName\":\"search_term_string\"}}],\"inLanguage\":\"en-US\"},{\"@type\":\"Organization\",\"@id\":\"https:\\\/\\\/dinoparc.ro\\\/en\\\/#organization\",\"name\":\"Dino Parc R\u00e2\u0219nov\",\"url\":\"https:\\\/\\\/dinoparc.ro\\\/en\\\/\",\"logo\":{\"@type\":\"ImageObject\",\"inLanguage\":\"en-US\",\"@id\":\"https:\\\/\\\/dinoparc.ro\\\/en\\\/#\\\/schema\\\/logo\\\/image\\\/\",\"url\":\"https:\\\/\\\/dinoparc.ro\\\/wp-content\\\/uploads\\\/2021\\\/05\\\/logo-dp.png\",\"contentUrl\":\"https:\\\/\\\/dinoparc.ro\\\/wp-content\\\/uploads\\\/2021\\\/05\\\/logo-dp.png\",\"width\":100,\"height\":88,\"caption\":\"Dino Parc R\u00e2\u0219nov\"},\"image\":{\"@id\":\"https:\\\/\\\/dinoparc.ro\\\/en\\\/#\\\/schema\\\/logo\\\/image\\\/\"}}]}<\/script>\n<!-- \/ Yoast SEO plugin. -->","yoast_head_json":{"title":"News - DinoParc","description":"The latest activities, events, contests from Dino Parc Rasnov are just a click away. Information about Sleep Over, Children's Day, contests and regulations, the latest news about dinosaurs in the park.","robots":{"index":"index","follow":"follow","max-snippet":"max-snippet:-1","max-image-preview":"max-image-preview:large","max-video-preview":"max-video-preview:-1"},"canonical":"https:\/\/dinoparc.ro\/en\/news\/","og_locale":"en_US","og_type":"article","og_title":"News - DinoParc","og_description":"The latest activities, events, contests from Dino Parc Rasnov are just a click away. Information about Sleep Over, Children's Day, contests and regulations, the latest news about dinosaurs in the park.","og_url":"https:\/\/dinoparc.ro\/en\/news\/","og_site_name":"DinoParc","article_modified_time":"2021-06-02T14:35:34+00:00","og_image":[{"width":1200,"height":630,"url":"https:\/\/dinoparc.ro\/wp-content\/uploads\/2021\/06\/NOUTATI.jpg","type":"image\/jpeg"}],"twitter_card":"summary_large_image","twitter_misc":{"Est. reading time":"1 minute"},"schema":{"@context":"https:\/\/schema.org","@graph":[{"@type":"WebPage","@id":"https:\/\/dinoparc.ro\/en\/news\/","url":"https:\/\/dinoparc.ro\/en\/news\/","name":"News - DinoParc","isPartOf":{"@id":"https:\/\/dinoparc.ro\/en\/#website"},"primaryImageOfPage":{"@id":"https:\/\/dinoparc.ro\/en\/news\/#primaryimage"},"image":{"@id":"https:\/\/dinoparc.ro\/en\/news\/#primaryimage"},"thumbnailUrl":"https:\/\/dinoparc.ro\/wp-content\/uploads\/2021\/06\/NOUTATI.jpg","datePublished":"2021-05-14T09:43:14+00:00","dateModified":"2021-06-02T14:35:34+00:00","description":"The latest activities, events, contests from Dino Parc Rasnov are just a click away. Information about Sleep Over, Children's Day, contests and regulations, the latest news about dinosaurs in the park.","breadcrumb":{"@id":"https:\/\/dinoparc.ro\/en\/news\/#breadcrumb"},"inLanguage":"en-US","potentialAction":[{"@type":"ReadAction","target":["https:\/\/dinoparc.ro\/en\/news\/"]}]},{"@type":"ImageObject","inLanguage":"en-US","@id":"https:\/\/dinoparc.ro\/en\/news\/#primaryimage","url":"https:\/\/dinoparc.ro\/wp-content\/uploads\/2021\/06\/NOUTATI.jpg","contentUrl":"https:\/\/dinoparc.ro\/wp-content\/uploads\/2021\/06\/NOUTATI.jpg","width":1200,"height":630},{"@type":"BreadcrumbList","@id":"https:\/\/dinoparc.ro\/en\/news\/#breadcrumb","itemListElement":[{"@type":"ListItem","position":1,"name":"Prima pagin\u0103","item":"https:\/\/dinoparc.ro\/en\/home\/"},{"@type":"ListItem","position":2,"name":"News"}]},{"@type":"WebSite","@id":"https:\/\/dinoparc.ro\/en\/#website","url":"https:\/\/dinoparc.ro\/en\/","name":"DinoParc","description":"Lumea Dinozaurilor","publisher":{"@id":"https:\/\/dinoparc.ro\/en\/#organization"},"potentialAction":[{"@type":"SearchAction","target":{"@type":"EntryPoint","urlTemplate":"https:\/\/dinoparc.ro\/en\/?s={search_term_string}"},"query-input":{"@type":"PropertyValueSpecification","valueRequired":true,"valueName":"search_term_string"}}],"inLanguage":"en-US"},{"@type":"Organization","@id":"https:\/\/dinoparc.ro\/en\/#organization","name":"Dino Parc R\u00e2\u0219nov","url":"https:\/\/dinoparc.ro\/en\/","logo":{"@type":"ImageObject","inLanguage":"en-US","@id":"https:\/\/dinoparc.ro\/en\/#\/schema\/logo\/image\/","url":"https:\/\/dinoparc.ro\/wp-content\/uploads\/2021\/05\/logo-dp.png","contentUrl":"https:\/\/dinoparc.ro\/wp-content\/uploads\/2021\/05\/logo-dp.png","width":100,"height":88,"caption":"Dino Parc R\u00e2\u0219nov"},"image":{"@id":"https:\/\/dinoparc.ro\/en\/#\/schema\/logo\/image\/"}}]}},"_links":{"self":[{"href":"https:\/\/dinoparc.ro\/en\/wp-json\/wp\/v2\/pages\/47","targetHints":{"allow":["GET"]}}],"collection":[{"href":"https:\/\/dinoparc.ro\/en\/wp-json\/wp\/v2\/pages"}],"about":[{"href":"https:\/\/dinoparc.ro\/en\/wp-json\/wp\/v2\/types\/page"}],"author":[{"embeddable":true,"href":"https:\/\/dinoparc.ro\/en\/wp-json\/wp\/v2\/users\/1"}],"replies":[{"embeddable":true,"href":"https:\/\/dinoparc.ro\/en\/wp-json\/wp\/v2\/comments?post=47"}],"version-history":[{"count":0,"href":"https:\/\/dinoparc.ro\/en\/wp-json\/wp\/v2\/pages\/47\/revisions"}],"wp:featuredmedia":[{"embeddable":true,"href":"https:\/\/dinoparc.ro\/en\/wp-json\/wp\/v2\/media\/985"}],"wp:attachment":[{"href":"https:\/\/dinoparc.ro\/en\/wp-json\/wp\/v2\/media?parent=47"}],"curies":[{"name":"wp","href":"https:\/\/api.w.org\/{rel}","templated":true}]}}